{"id":43,"date":"2024-12-20T14:47:39","date_gmt":"2024-12-20T13:47:39","guid":{"rendered":"https:\/\/dubrovnik-bucket-list.vdevs.eu\/?page_id=43"},"modified":"2025-02-26T14:11:06","modified_gmt":"2025-02-26T13:11:06","slug":"o-nama","status":"publish","type":"page","link":"https:\/\/dubrovnik-bucket-list.vdevs.eu\/hr\/o-nama\/","title":{"rendered":"O nama"},"content":{"rendered":"<p>Dubrovnik Bucket List osnovan je s misijom da svakom posjetitelju Dubrovnika pru\u017eimo jedinstveno i nezaboravno iskustvo. <\/p>\n<p>Na\u0161 tim lokalnih vodi\u010da posve\u0107en je otkrivanju najskrivenijih dragulja Dubrovnika i okolice, dok istovremeno dijelimo pri\u010de, povijest i kulturu na autenti\u010dan na\u010din. <\/p>\n<p>Bez obzira jeste li ljubitelj povijesti, avantura ili gastronomske ponude, na\u0161e ture su osmi\u0161ljene da zadovolje va\u0161e interese.<\/p>\n<p>Lorem ipsum dolor sit amet, consectetur adipisicing elit. Quas in maxime molestias aspernatur quisquam exercitationem repellendus eaque quis aperiam dignissimos harum libero consequuntur veniam doloribus accusamus, sed ipsum eum dolorum.<\/p>\n","protected":false},"excerpt":{"rendered":"<p>Dubrovnik Bucket List osnovan je s misijom da svakom posjetitelju Dubrovnika pru\u017eimo jedinstveno i nezaboravno iskustvo. Na\u0161 tim lokalnih vodi\u010da posve\u0107en je otkrivanju najskrivenijih dragulja Dubrovnika i okolice, dok istovremeno dijelimo pri\u010de, povijest i kulturu na autenti\u010dan na\u010din. Bez obzira jeste li ljubitelj povijesti, avantura ili gastronomske ponude, na\u0161e ture su osmi\u0161ljene da zadovolje va\u0161e [&hellip;]<\/p>\n","protected":false},"author":1,"featured_media":137,"parent":0,"menu_order":0,"comment_status":"closed","ping_status":"closed","template":"template-o-nama.php","meta":{"_acf_changed":false,"footnotes":""},"class_list":["post-43","page","type-page","status-publish","has-post-thumbnail","hentry"],"acf":[],"_links":{"self":[{"href":"https:\/\/dubrovnik-bucket-list.vdevs.eu\/hr\/wp-json\/wp\/v2\/pages\/43","targetHints":{"allow":["GET"]}}],"collection":[{"href":"https:\/\/dubrovnik-bucket-list.vdevs.eu\/hr\/wp-json\/wp\/v2\/pages"}],"about":[{"href":"https:\/\/dubrovnik-bucket-list.vdevs.eu\/hr\/wp-json\/wp\/v2\/types\/page"}],"author":[{"embeddable":true,"href":"https:\/\/dubrovnik-bucket-list.vdevs.eu\/hr\/wp-json\/wp\/v2\/users\/1"}],"replies":[{"embeddable":true,"href":"https:\/\/dubrovnik-bucket-list.vdevs.eu\/hr\/wp-json\/wp\/v2\/comments?post=43"}],"version-history":[{"count":5,"href":"https:\/\/dubrovnik-bucket-list.vdevs.eu\/hr\/wp-json\/wp\/v2\/pages\/43\/revisions"}],"predecessor-version":[{"id":245,"href":"https:\/\/dubrovnik-bucket-list.vdevs.eu\/hr\/wp-json\/wp\/v2\/pages\/43\/revisions\/245"}],"wp:featuredmedia":[{"embeddable":true,"href":"https:\/\/dubrovnik-bucket-list.vdevs.eu\/hr\/wp-json\/wp\/v2\/media\/137"}],"wp:attachment":[{"href":"https:\/\/dubrovnik-bucket-list.vdevs.eu\/hr\/wp-json\/wp\/v2\/media?parent=43"}],"curies":[{"name":"wp","href":"https:\/\/api.w.org\/{rel}","templated":true}]}}